{"id":596,"date":"2023-03-09T11:26:00","date_gmt":"2023-03-09T10:26:00","guid":{"rendered":"https:\/\/www.mas-des-marguerites.com\/?page_id=596"},"modified":"2024-02-22T16:09:58","modified_gmt":"2024-02-22T15:09:58","slug":"contact","status":"publish","type":"page","link":"https:\/\/www.mas-des-marguerites.com\/de\/contact\/","title":{"rendered":"Kontakt"},"content":{"rendered":"<div data-elementor-type=\"wp-page\" data-elementor-id=\"596\" class=\"elementor elementor-596\" data-elementor-post-type=\"page\">\n\t\t\t\t\t\t<section class=\"elementor-section elementor-top-section elementor-element elementor-element-b248464 elementor-section-boxed elementor-section-height-default elementor-section-height-default qodef-elementor-content-no\" data-id=\"b248464\" data-element_type=\"section\">\n\t\t\t\t\t\t<div class=\"elementor-container elementor-column-gap-default\">\n\t\t\t\t\t<div class=\"elementor-column elementor-col-100 elementor-top-column elementor-element elementor-element-cee08a1\" data-id=\"cee08a1\" data-element_type=\"column\">\n\t\t\t<div class=\"elementor-widget-wrap elementor-element-populated\">\n\t\t\t\t\t\t<div class=\"elementor-element elementor-element-d8d0ea7 elementor-widget elementor-widget-text-editor\" data-id=\"d8d0ea7\" data-element_type=\"widget\" data-widget_type=\"text-editor.default\">\n\t\t\t\t<div class=\"elementor-widget-container\">\n\t\t\t\t\t\t\t\t\t<h1>Kontakt<\/h1>\t\t\t\t\t\t\t\t<\/div>\n\t\t\t\t<\/div>\n\t\t\t\t\t<\/div>\n\t\t<\/div>\n\t\t\t\t\t<\/div>\n\t\t<\/section>\n\t\t\t\t<section class=\"elementor-section elementor-top-section elementor-element elementor-element-a9650f1 animated-slow elementor-section-boxed elementor-section-height-default elementor-section-height-default qodef-elementor-content-no elementor-invisible\" data-id=\"a9650f1\" data-element_type=\"section\" data-settings=\"{&quot;animation&quot;:&quot;fadeInUp&quot;}\">\n\t\t\t\t\t\t<div class=\"elementor-container elementor-column-gap-default\">\n\t\t\t\t\t<div class=\"elementor-column elementor-col-100 elementor-top-column elementor-element elementor-element-3fef363\" data-id=\"3fef363\" data-element_type=\"column\">\n\t\t\t<div class=\"elementor-widget-wrap elementor-element-populated\">\n\t\t\t\t\t\t<div class=\"elementor-element elementor-element-e5e967a elementor-widget elementor-widget-wpforms\" data-id=\"e5e967a\" data-element_type=\"widget\" data-widget_type=\"wpforms.default\">\n\t\t\t\t<div class=\"elementor-widget-container\">\n\t\t\t\t\t<div class=\"wpforms-container wpforms-container-full\" id=\"wpforms-406\"><form id=\"wpforms-form-406\" class=\"wpforms-validate wpforms-form wpforms-ajax-form\" data-formid=\"406\" method=\"post\" enctype=\"multipart\/form-data\" action=\"\/de\/wp-json\/wp\/v2\/pages\/596\" data-token=\"0ed16d3dc2cedb9bb5e4191691dc0ef8\" data-token-time=\"1778502154\" data-trp-original-action=\"\/de\/wp-json\/wp\/v2\/pages\/596\"><noscript class=\"wpforms-error-noscript\">Bitte aktiviere JavaScript in deinem Browser, um dieses Formular fertigzustellen.<\/noscript><div class=\"wpforms-field-container\"><div id=\"wpforms-406-field_15-container\" class=\"wpforms-field wpforms-field-text wpforms-one-half wpforms-first\" data-field-id=\"15\"><label class=\"wpforms-field-label\" for=\"wpforms-406-field_15\">Name <span class=\"wpforms-required-label\">*<\/span><\/label><input type=\"text\" id=\"wpforms-406-field_15\" class=\"wpforms-field-large wpforms-field-required\" name=\"wpforms[fields][15]\" required><\/div><div id=\"wpforms-406-field_16-container\" class=\"wpforms-field wpforms-field-text wpforms-one-half\" data-field-id=\"16\"><label class=\"wpforms-field-label\" for=\"wpforms-406-field_16\">Vorname <span class=\"wpforms-required-label\">*<\/span><\/label><input type=\"text\" id=\"wpforms-406-field_16\" class=\"wpforms-field-large wpforms-field-required\" name=\"wpforms[fields][16]\" required><\/div><div id=\"wpforms-406-field_1-container\" class=\"wpforms-field wpforms-field-email wpforms-one-half wpforms-first\" data-field-id=\"1\"><label class=\"wpforms-field-label\" for=\"wpforms-406-field_1\">E-mail <span class=\"wpforms-required-label\">*<\/span><\/label><input type=\"email\" id=\"wpforms-406-field_1\" class=\"wpforms-field-large wpforms-field-required\" name=\"wpforms[fields][1]\" spellcheck=\"false\" required><\/div><div id=\"wpforms-406-field_7-container\" class=\"wpforms-field wpforms-field-text wpforms-one-half\" data-field-id=\"7\"><label class=\"wpforms-field-label\" for=\"wpforms-406-field_7\">Telefonnummer<\/label><input type=\"text\" id=\"wpforms-406-field_7\" class=\"wpforms-field-large\" name=\"wpforms[fields][7]\" ><\/div><div id=\"wpforms-406-field_10-container\" class=\"wpforms-field wpforms-field-text wpforms-one-half wpforms-first\" data-field-id=\"10\"><label class=\"wpforms-field-label\" for=\"wpforms-406-field_10\">Ankunftsdatum<\/label><input type=\"text\" id=\"wpforms-406-field_10\" class=\"wpforms-field-large\" name=\"wpforms[fields][10]\" ><\/div><div id=\"wpforms-406-field_8-container\" class=\"wpforms-field wpforms-field-text wpforms-one-half\" data-field-id=\"8\"><label class=\"wpforms-field-label\" for=\"wpforms-406-field_8\">Abreisedatum<\/label><input type=\"text\" id=\"wpforms-406-field_8\" class=\"wpforms-field-large\" name=\"wpforms[fields][8]\" ><\/div><div id=\"wpforms-406-field_13-container\" class=\"wpforms-field wpforms-field-select wpforms-one-half wpforms-first wpforms-field-select-style-classic\" data-field-id=\"13\"><label class=\"wpforms-field-label\" for=\"wpforms-406-field_13\">Anzahl Erwachsene<\/label><select id=\"wpforms-406-field_13\" class=\"wpforms-field-large\" name=\"wpforms[fields][13]\"><option value=\"1\"  class=\"choice-1 depth-1\"  >1<\/option><option value=\"2\"  class=\"choice-2 depth-1\"  >2<\/option><option value=\"3\"  class=\"choice-3 depth-1\"  >3<\/option><option value=\"4\"  class=\"choice-4 depth-1\"  >4<\/option><option value=\"5\"  class=\"choice-5 depth-1\"  >5<\/option><option value=\"6\"  class=\"choice-6 depth-1\"  >6<\/option><\/select><\/div><div id=\"wpforms-406-field_14-container\" class=\"wpforms-field wpforms-field-select wpforms-one-half wpforms-field-select-style-classic\" data-field-id=\"14\"><label class=\"wpforms-field-label\" for=\"wpforms-406-field_14\">Anzahl Kinder<\/label><select id=\"wpforms-406-field_14\" class=\"wpforms-field-large\" name=\"wpforms[fields][14]\"><option value=\"0\"  class=\"choice-8 depth-1\"  >0<\/option><option value=\"1\"  class=\"choice-1 depth-1\"  >1<\/option><option value=\"2\"  class=\"choice-2 depth-1\"  >2<\/option><option value=\"3\"  class=\"choice-3 depth-1\"  >3<\/option><option value=\"4\"  class=\"choice-4 depth-1\"  >4<\/option><option value=\"5\"  class=\"choice-5 depth-1\"  >5<\/option><option value=\"6\"  class=\"choice-6 depth-1\"  >6<\/option><\/select><\/div><div id=\"wpforms-406-field_2-container\" class=\"wpforms-field wpforms-field-textarea\" data-field-id=\"2\"><label class=\"wpforms-field-label\" for=\"wpforms-406-field_2\">Komentar<\/label><textarea id=\"wpforms-406-field_2\" class=\"wpforms-field-medium\" name=\"wpforms[fields][2]\" ><\/textarea><\/div><\/div><!-- .wpforms-field-container --><div class=\"wpforms-recaptcha-container wpforms-is-recaptcha wpforms-is-recaptcha-type-v3\" ><input type=\"hidden\" name=\"wpforms[recaptcha]\" value=\"\"><\/div><div class=\"wpforms-submit-container\" ><input type=\"hidden\" name=\"wpforms[id]\" value=\"406\"><input type=\"hidden\" name=\"page_title\" value=\"\"><input type=\"hidden\" name=\"page_url\" value=\"https:\/\/www.mas-des-marguerites.com\/de\/wp-json\/wp\/v2\/pages\/596\"><input type=\"hidden\" name=\"url_referer\" value=\"\"><button type=\"submit\" name=\"wpforms[submit]\" id=\"wpforms-submit-406\" class=\"wpforms-submit\" data-alt-text=\"Envoi...\" data-submit-text=\"Envoyer\" aria-live=\"assertive\" value=\"wpforms-submit\">OK<\/button><img decoding=\"async\" src=\"https:\/\/www.mas-des-marguerites.com\/wp-content\/plugins\/wpforms-lite\/assets\/images\/submit-spin.svg\" class=\"wpforms-submit-spinner\" style=\"display: none;\" width=\"26\" height=\"26\" alt=\"Wird geladen\"><\/div><input type=\"hidden\" name=\"trp-form-language\" value=\"de\"\/><\/form><\/div>  <!-- .wpforms-container -->\t\t\t\t<\/div>\n\t\t\t\t<\/div>\n\t\t\t\t\t<\/div>\n\t\t<\/div>\n\t\t\t\t\t<\/div>\n\t\t<\/section>\n\t\t\t\t<section class=\"elementor-section elementor-top-section elementor-element elementor-element-d53adac elementor-section-boxed elementor-section-height-default elementor-section-height-default qodef-elementor-content-no\" data-id=\"d53adac\" data-element_type=\"section\">\n\t\t\t\t\t\t<div class=\"elementor-container elementor-column-gap-default\">\n\t\t\t\t\t<div class=\"elementor-column elementor-col-100 elementor-top-column elementor-element elementor-element-3560dd3\" data-id=\"3560dd3\" data-element_type=\"column\">\n\t\t\t<div class=\"elementor-widget-wrap elementor-element-populated\">\n\t\t\t\t\t\t<div class=\"elementor-element elementor-element-e899154 elementor-widget elementor-widget-text-editor\" data-id=\"e899154\" data-element_type=\"widget\" data-widget_type=\"text-editor.default\">\n\t\t\t\t<div class=\"elementor-widget-container\">\n\t\t\t\t\t\t\t\t\t<p>Kurtaxe: 1,15 \u20ac pro Nacht und pro Person (\u00fcber 18 Jahre alt)<br \/>Lit b\u00e9b\u00e9 (jusqu\u2019\u00e0 3 ans) : offert<\/p><p>Arriv\u00e9es : entre 16h et 19h (n\u2019h\u00e9sitez pas \u00e0 nous contacter pour un horaire personnalis\u00e9)<br \/>D\u00e9parts : jusqu\u2019\u00e0 11h<\/p><p>Afin de r\u00e9server votre s\u00e9jour ou d\u2019obtenir des informations, n\u2019h\u00e9sitez pas \u00e0 nous contacter.\u00a0<\/p>\t\t\t\t\t\t\t\t<\/div>\n\t\t\t\t<\/div>\n\t\t\t\t\t<\/div>\n\t\t<\/div>\n\t\t\t\t\t<\/div>\n\t\t<\/section>\n\t\t\t\t<section class=\"elementor-section elementor-top-section elementor-element elementor-element-f678e1a elementor-section-boxed elementor-section-height-default elementor-section-height-default qodef-elementor-content-no\" data-id=\"f678e1a\" data-element_type=\"section\">\n\t\t\t\t\t\t<div class=\"elementor-container elementor-column-gap-default\">\n\t\t\t\t\t<div class=\"elementor-column elementor-col-100 elementor-top-column elementor-element elementor-element-2b99a15\" data-id=\"2b99a15\" data-element_type=\"column\">\n\t\t\t<div class=\"elementor-widget-wrap elementor-element-populated\">\n\t\t\t\t\t\t<div class=\"elementor-element elementor-element-89af1e5 elementor-widget elementor-widget-text-editor\" data-id=\"89af1e5\" data-element_type=\"widget\" data-widget_type=\"text-editor.default\">\n\t\t\t\t<div class=\"elementor-widget-container\">\n\t\t\t\t\t\t\t\t\t<div><b>Conditions de r\u00e9servation :<\/b><\/div>\n<div>&nbsp;<\/div>\n<div>Reservierungen werden nach Erhalt der Anzahlung wirksam, d. h. 30 % des Aufenthaltsbetrags<br>Zahlungen per Scheck (f\u00fcr die Anzahlung), \n\u00dcberweisung, Kreditkarte oder Bargeld m\u00f6glich<br>Annulation sans frais jusqu\u2019\u00e0 J-15, pass\u00e9 ce d\u00e9lai les arrhes resteront acquises.<\/div>\n<div>&nbsp;<\/div>\n<div>En cas de s\u00e9jour \u00e9court\u00e9, le montant total du s\u00e9jour sera d\u00fb.<\/div>\n<div>&nbsp;<\/div>\n<div>\n<p>En cas de non pr\u00e9sentation\/manifestation du client avant 19 heures le jour de l&rsquo;arriv\u00e9e,<br>la r\u00e9servation sera consid\u00e9r\u00e9e comme annul\u00e9e et la chambre sera remise \u00e0 la vente.<br>Les arrhes resteront acquises et le solde du montant total du s\u00e9jour pourra \u00eatre r\u00e9clam\u00e9.<\/p>\n<\/div>\t\t\t\t\t\t\t\t<\/div>\n\t\t\t\t<\/div>\n\t\t\t\t\t<\/div>\n\t\t<\/div>\n\t\t\t\t\t<\/div>\n\t\t<\/section>\n\t\t\t\t<section class=\"elementor-section elementor-top-section elementor-element elementor-element-9052b43 elementor-section-boxed elementor-section-height-default elementor-section-height-default qodef-elementor-content-no\" data-id=\"9052b43\" data-element_type=\"section\">\n\t\t\t\t\t\t<div class=\"elementor-container elementor-column-gap-default\">\n\t\t\t\t\t<div class=\"elementor-column elementor-col-100 elementor-top-column elementor-element elementor-element-5a312a9\" data-id=\"5a312a9\" data-element_type=\"column\">\n\t\t\t<div class=\"elementor-widget-wrap elementor-element-populated\">\n\t\t\t\t\t\t<div class=\"elementor-element elementor-element-b67b9ef elementor-widget elementor-widget-text-editor\" data-id=\"b67b9ef\" data-element_type=\"widget\" data-widget_type=\"text-editor.default\">\n\t\t\t\t<div class=\"elementor-widget-container\">\n\t\t\t\t\t\t\t\t\t<p><strong>Information &amp; Assistance du consommateur<\/strong><\/p><p>Conform\u00e9ment aux dispositions du Code de la consommation, le consommateur a le droit de recourir gratuitement<br \/>\u00e0 un service de m\u00e9diation en cas de litige. Le m\u00e9diateur propos\u00e9 est :<br \/>M\u00e9diation du tourisme et du voyage (MTV) \u2013 BP 80803 \u2013 75823 Paris C\u00e9dex 17<br \/><a href=\"http:\/\/www.mtv.travel\/\">www.mtv.travel<\/a><\/p>\t\t\t\t\t\t\t\t<\/div>\n\t\t\t\t<\/div>\n\t\t\t\t\t<\/div>\n\t\t<\/div>\n\t\t\t\t\t<\/div>\n\t\t<\/section>\n\t\t\t\t<\/div>","protected":false},"excerpt":{"rendered":"<p>Contact Taxe de s\u00e9jour : 1,15\u20ac par nuit et par personne de plus de 18 ansLit b\u00e9b\u00e9 (jusqu\u2019\u00e0 3 ans) : offert Arriv\u00e9es : entre 16h et 19h (n\u2019h\u00e9sitez pas \u00e0 nous contacter pour un horaire personnalis\u00e9)D\u00e9parts : jusqu\u2019\u00e0 11h Afin de r\u00e9server votre s\u00e9jour ou d\u2019obtenir des informations, n\u2019h\u00e9sitez pas \u00e0 nous contacter.\u00a0 Conditions [&hellip;]<\/p>","protected":false},"author":1,"featured_media":0,"parent":0,"menu_order":0,"comment_status":"closed","ping_status":"closed","template":"","meta":{"inline_featured_image":false,"footnotes":""},"class_list":["post-596","page","type-page","status-publish","hentry"],"yoast_head":"<!-- This site is optimized with the Yoast SEO plugin v26.7 - https:\/\/yoast.com\/wordpress\/plugins\/seo\/ -->\n<title>Contact - Mas des Marguerites<\/title>\n<meta name=\"robots\" content=\"index, follow, max-snippet:-1, max-image-preview:large, max-video-preview:-1\" \/>\n<link rel=\"canonical\" href=\"https:\/\/www.mas-des-marguerites.com\/de\/contact\/\" \/>\n<meta property=\"og:locale\" content=\"de_DE\" \/>\n<meta property=\"og:type\" content=\"article\" \/>\n<meta property=\"og:title\" content=\"Contact - Mas des Marguerites\" \/>\n<meta property=\"og:description\" content=\"Contact Taxe de s\u00e9jour : 1,15\u20ac par nuit et par personne de plus de 18 ansLit b\u00e9b\u00e9 (jusqu\u2019\u00e0 3 ans) : offert Arriv\u00e9es : entre 16h et 19h (n\u2019h\u00e9sitez pas \u00e0 nous contacter pour un horaire personnalis\u00e9)D\u00e9parts : jusqu\u2019\u00e0 11h Afin de r\u00e9server votre s\u00e9jour ou d\u2019obtenir des informations, n\u2019h\u00e9sitez pas \u00e0 nous contacter.\u00a0 Conditions [&hellip;]\" \/>\n<meta property=\"og:url\" content=\"https:\/\/www.mas-des-marguerites.com\/de\/contact\/\" \/>\n<meta property=\"og:site_name\" content=\"Mas des Marguerites\" \/>\n<meta property=\"article:modified_time\" content=\"2024-02-22T15:09:58+00:00\" \/>\n<meta property=\"og:image\" content=\"https:\/\/www.mas-des-marguerites.com\/wp-content\/uploads\/2023\/04\/logo-masdesmarguerites.jpg\" \/>\n\t<meta property=\"og:image:width\" content=\"1200\" \/>\n\t<meta property=\"og:image:height\" content=\"675\" \/>\n\t<meta property=\"og:image:type\" content=\"image\/jpeg\" \/>\n<meta name=\"twitter:card\" content=\"summary_large_image\" \/>\n<meta name=\"twitter:label1\" content=\"Gesch\u00e4tzte Lesezeit\" \/>\n\t<meta name=\"twitter:data1\" content=\"2\u00a0Minuten\" \/>\n<script type=\"application\/ld+json\" class=\"yoast-schema-graph\">{\"@context\":\"https:\/\/schema.org\",\"@graph\":[{\"@type\":\"WebPage\",\"@id\":\"https:\/\/www.mas-des-marguerites.com\/contact\/\",\"url\":\"https:\/\/www.mas-des-marguerites.com\/contact\/\",\"name\":\"Contact - Mas des Marguerites\",\"isPartOf\":{\"@id\":\"https:\/\/www.mas-des-marguerites.com\/#website\"},\"datePublished\":\"2023-03-09T10:26:00+00:00\",\"dateModified\":\"2024-02-22T15:09:58+00:00\",\"breadcrumb\":{\"@id\":\"https:\/\/www.mas-des-marguerites.com\/contact\/#breadcrumb\"},\"inLanguage\":\"de\",\"potentialAction\":[{\"@type\":\"ReadAction\",\"target\":[\"https:\/\/www.mas-des-marguerites.com\/contact\/\"]}]},{\"@type\":\"BreadcrumbList\",\"@id\":\"https:\/\/www.mas-des-marguerites.com\/contact\/#breadcrumb\",\"itemListElement\":[{\"@type\":\"ListItem\",\"position\":1,\"name\":\"Accueil\",\"item\":\"https:\/\/www.mas-des-marguerites.com\/\"},{\"@type\":\"ListItem\",\"position\":2,\"name\":\"Contact\"}]},{\"@type\":\"WebSite\",\"@id\":\"https:\/\/www.mas-des-marguerites.com\/#website\",\"url\":\"https:\/\/www.mas-des-marguerites.com\/\",\"name\":\"Mas des Marguerites\",\"description\":\"Chambres d&#039;H\u00f4tes \u00e0 Maussane les Alpilles\",\"publisher\":{\"@id\":\"https:\/\/www.mas-des-marguerites.com\/#organization\"},\"potentialAction\":[{\"@type\":\"SearchAction\",\"target\":{\"@type\":\"EntryPoint\",\"urlTemplate\":\"https:\/\/www.mas-des-marguerites.com\/?s={search_term_string}\"},\"query-input\":{\"@type\":\"PropertyValueSpecification\",\"valueRequired\":true,\"valueName\":\"search_term_string\"}}],\"inLanguage\":\"de\"},{\"@type\":\"Organization\",\"@id\":\"https:\/\/www.mas-des-marguerites.com\/#organization\",\"name\":\"Mas des Marguerites\",\"url\":\"https:\/\/www.mas-des-marguerites.com\/\",\"logo\":{\"@type\":\"ImageObject\",\"inLanguage\":\"de\",\"@id\":\"https:\/\/www.mas-des-marguerites.com\/#\/schema\/logo\/image\/\",\"url\":\"https:\/\/www.mas-des-marguerites.com\/wp-content\/uploads\/2023\/04\/masdesmarguerites-logo.jpg\",\"contentUrl\":\"https:\/\/www.mas-des-marguerites.com\/wp-content\/uploads\/2023\/04\/masdesmarguerites-logo.jpg\",\"width\":1200,\"height\":1000,\"caption\":\"Mas des Marguerites\"},\"image\":{\"@id\":\"https:\/\/www.mas-des-marguerites.com\/#\/schema\/logo\/image\/\"}}]}<\/script>\n<!-- \/ Yoast SEO plugin. -->","yoast_head_json":{"title":"Contact - Mas des Marguerites","robots":{"index":"index","follow":"follow","max-snippet":"max-snippet:-1","max-image-preview":"max-image-preview:large","max-video-preview":"max-video-preview:-1"},"canonical":"https:\/\/www.mas-des-marguerites.com\/de\/contact\/","og_locale":"de_DE","og_type":"article","og_title":"Contact - Mas des Marguerites","og_description":"Contact Taxe de s\u00e9jour : 1,15\u20ac par nuit et par personne de plus de 18 ansLit b\u00e9b\u00e9 (jusqu\u2019\u00e0 3 ans) : offert Arriv\u00e9es : entre 16h et 19h (n\u2019h\u00e9sitez pas \u00e0 nous contacter pour un horaire personnalis\u00e9)D\u00e9parts : jusqu\u2019\u00e0 11h Afin de r\u00e9server votre s\u00e9jour ou d\u2019obtenir des informations, n\u2019h\u00e9sitez pas \u00e0 nous contacter.\u00a0 Conditions [&hellip;]","og_url":"https:\/\/www.mas-des-marguerites.com\/de\/contact\/","og_site_name":"Mas des Marguerites","article_modified_time":"2024-02-22T15:09:58+00:00","og_image":[{"width":1200,"height":675,"url":"https:\/\/www.mas-des-marguerites.com\/wp-content\/uploads\/2023\/04\/logo-masdesmarguerites.jpg","type":"image\/jpeg"}],"twitter_card":"summary_large_image","twitter_misc":{"Gesch\u00e4tzte Lesezeit":"2\u00a0Minuten"},"schema":{"@context":"https:\/\/schema.org","@graph":[{"@type":"WebPage","@id":"https:\/\/www.mas-des-marguerites.com\/contact\/","url":"https:\/\/www.mas-des-marguerites.com\/contact\/","name":"Contact - Mas des Marguerites","isPartOf":{"@id":"https:\/\/www.mas-des-marguerites.com\/#website"},"datePublished":"2023-03-09T10:26:00+00:00","dateModified":"2024-02-22T15:09:58+00:00","breadcrumb":{"@id":"https:\/\/www.mas-des-marguerites.com\/contact\/#breadcrumb"},"inLanguage":"de","potentialAction":[{"@type":"ReadAction","target":["https:\/\/www.mas-des-marguerites.com\/contact\/"]}]},{"@type":"BreadcrumbList","@id":"https:\/\/www.mas-des-marguerites.com\/contact\/#breadcrumb","itemListElement":[{"@type":"ListItem","position":1,"name":"Accueil","item":"https:\/\/www.mas-des-marguerites.com\/"},{"@type":"ListItem","position":2,"name":"Contact"}]},{"@type":"WebSite","@id":"https:\/\/www.mas-des-marguerites.com\/#website","url":"https:\/\/www.mas-des-marguerites.com\/","name":"Mas des Marguerites","description":"Chambres d&#039;H\u00f4tes \u00e0 Maussane les Alpilles","publisher":{"@id":"https:\/\/www.mas-des-marguerites.com\/#organization"},"potentialAction":[{"@type":"SearchAction","target":{"@type":"EntryPoint","urlTemplate":"https:\/\/www.mas-des-marguerites.com\/?s={search_term_string}"},"query-input":{"@type":"PropertyValueSpecification","valueRequired":true,"valueName":"search_term_string"}}],"inLanguage":"de"},{"@type":"Organization","@id":"https:\/\/www.mas-des-marguerites.com\/#organization","name":"Mas des Marguerites","url":"https:\/\/www.mas-des-marguerites.com\/","logo":{"@type":"ImageObject","inLanguage":"de","@id":"https:\/\/www.mas-des-marguerites.com\/#\/schema\/logo\/image\/","url":"https:\/\/www.mas-des-marguerites.com\/wp-content\/uploads\/2023\/04\/masdesmarguerites-logo.jpg","contentUrl":"https:\/\/www.mas-des-marguerites.com\/wp-content\/uploads\/2023\/04\/masdesmarguerites-logo.jpg","width":1200,"height":1000,"caption":"Mas des Marguerites"},"image":{"@id":"https:\/\/www.mas-des-marguerites.com\/#\/schema\/logo\/image\/"}}]}},"_links":{"self":[{"href":"https:\/\/www.mas-des-marguerites.com\/de\/wp-json\/wp\/v2\/pages\/596","targetHints":{"allow":["GET"]}}],"collection":[{"href":"https:\/\/www.mas-des-marguerites.com\/de\/wp-json\/wp\/v2\/pages"}],"about":[{"href":"https:\/\/www.mas-des-marguerites.com\/de\/wp-json\/wp\/v2\/types\/page"}],"author":[{"embeddable":true,"href":"https:\/\/www.mas-des-marguerites.com\/de\/wp-json\/wp\/v2\/users\/1"}],"replies":[{"embeddable":true,"href":"https:\/\/www.mas-des-marguerites.com\/de\/wp-json\/wp\/v2\/comments?post=596"}],"version-history":[{"count":55,"href":"https:\/\/www.mas-des-marguerites.com\/de\/wp-json\/wp\/v2\/pages\/596\/revisions"}],"predecessor-version":[{"id":1042,"href":"https:\/\/www.mas-des-marguerites.com\/de\/wp-json\/wp\/v2\/pages\/596\/revisions\/1042"}],"wp:attachment":[{"href":"https:\/\/www.mas-des-marguerites.com\/de\/wp-json\/wp\/v2\/media?parent=596"}],"curies":[{"name":"wp","href":"https:\/\/api.w.org\/{rel}","templated":true}]}}