{"id":964,"date":"2024-02-13T14:32:46","date_gmt":"2024-02-13T13:32:46","guid":{"rendered":"https:\/\/www.mas-des-marguerites.com\/?page_id=964"},"modified":"2026-01-12T10:11:04","modified_gmt":"2026-01-12T09:11:04","slug":"les-suites","status":"publish","type":"page","link":"https:\/\/www.mas-des-marguerites.com\/de\/les-suites\/","title":{"rendered":"Les Suites"},"content":{"rendered":"<div data-elementor-type=\"wp-page\" data-elementor-id=\"964\" class=\"elementor elementor-964\" data-elementor-post-type=\"page\">\n\t\t\t\t\t\t<section class=\"elementor-section elementor-top-section elementor-element elementor-element-eab1209 elementor-section-boxed elementor-section-height-default elementor-section-height-default qodef-elementor-content-no\" data-id=\"eab1209\" data-element_type=\"section\">\n\t\t\t\t\t\t<div class=\"elementor-container elementor-column-gap-default\">\n\t\t\t\t\t<div class=\"elementor-column elementor-col-100 elementor-top-column elementor-element elementor-element-1a424cb\" data-id=\"1a424cb\" data-element_type=\"column\">\n\t\t\t<div class=\"elementor-widget-wrap elementor-element-populated\">\n\t\t\t\t\t\t<div class=\"elementor-element elementor-element-ec2b9c3 elementor-widget elementor-widget-text-editor\" data-id=\"ec2b9c3\" data-element_type=\"widget\" data-widget_type=\"text-editor.default\">\n\t\t\t\t<div class=\"elementor-widget-container\">\n\t\t\t\t\t\t\t\t\t<h1>Les Suites<\/h1>\t\t\t\t\t\t\t\t<\/div>\n\t\t\t\t<\/div>\n\t\t\t\t\t<\/div>\n\t\t<\/div>\n\t\t\t\t\t<\/div>\n\t\t<\/section>\n\t\t\t\t<section class=\"elementor-section elementor-top-section elementor-element elementor-element-df40c43 elementor-section-boxed elementor-section-height-default elementor-section-height-default qodef-elementor-content-no\" data-id=\"df40c43\" data-element_type=\"section\">\n\t\t\t\t\t\t<div class=\"elementor-container elementor-column-gap-default\">\n\t\t\t\t\t<div class=\"elementor-column elementor-col-100 elementor-top-column elementor-element elementor-element-9b6746c\" data-id=\"9b6746c\" data-element_type=\"column\">\n\t\t\t<div class=\"elementor-widget-wrap elementor-element-populated\">\n\t\t\t\t\t\t<div class=\"elementor-element elementor-element-5fd6e77 elementor-arrows-position-inside elementor-pagination-position-outside elementor-widget elementor-widget-image-carousel\" data-id=\"5fd6e77\" data-element_type=\"widget\" data-settings=\"{&quot;slides_to_show&quot;:&quot;1&quot;,&quot;navigation&quot;:&quot;both&quot;,&quot;autoplay&quot;:&quot;yes&quot;,&quot;pause_on_hover&quot;:&quot;yes&quot;,&quot;pause_on_interaction&quot;:&quot;yes&quot;,&quot;autoplay_speed&quot;:5000,&quot;infinite&quot;:&quot;yes&quot;,&quot;effect&quot;:&quot;slide&quot;,&quot;speed&quot;:500}\" data-widget_type=\"image-carousel.default\">\n\t\t\t\t<div class=\"elementor-widget-container\">\n\t\t\t\t\t\t\t<div class=\"elementor-image-carousel-wrapper swiper\" role=\"region\" aria-roledescription=\"carousel\" aria-label=\"Bild Karussell\" dir=\"ltr\">\n\t\t\t<div class=\"elementor-image-carousel swiper-wrapper\" aria-live=\"off\">\n\t\t\t\t\t\t\t\t<div class=\"swiper-slide\" role=\"group\" aria-roledescription=\"slide\" aria-label=\"1 von 10\" data-no-translation-aria-label=\"\"><figure class=\"swiper-slide-inner\"><img decoding=\"async\" class=\"swiper-slide-image\" src=\"https:\/\/www.mas-des-marguerites.com\/wp-content\/uploads\/2024\/02\/20230915_122448-scaled.jpg\" alt=\"Suite M\u00fbrier\" \/><figcaption class=\"elementor-image-carousel-caption\">Suite M\u00fbrier<\/figcaption><\/figure><\/div><div class=\"swiper-slide\" role=\"group\" aria-roledescription=\"slide\" aria-label=\"2 von 10\" data-no-translation-aria-label=\"\"><figure class=\"swiper-slide-inner\"><img decoding=\"async\" class=\"swiper-slide-image\" src=\"https:\/\/www.mas-des-marguerites.com\/wp-content\/uploads\/2024\/02\/20230914_174509-scaled.jpg\" alt=\"Suite Olivier\" \/><figcaption class=\"elementor-image-carousel-caption\">Suite Olivier<\/figcaption><\/figure><\/div><div class=\"swiper-slide\" role=\"group\" aria-roledescription=\"slide\" aria-label=\"3 von 10\" data-no-translation-aria-label=\"\"><figure class=\"swiper-slide-inner\"><img decoding=\"async\" class=\"swiper-slide-image\" src=\"https:\/\/www.mas-des-marguerites.com\/wp-content\/uploads\/2024\/02\/20230914_175923-scaled.jpg\" alt=\"Suite Olivier\" \/><figcaption class=\"elementor-image-carousel-caption\">Suite Olivier<\/figcaption><\/figure><\/div><div class=\"swiper-slide\" role=\"group\" aria-roledescription=\"slide\" aria-label=\"4 von 10\" data-no-translation-aria-label=\"\"><figure class=\"swiper-slide-inner\"><img decoding=\"async\" class=\"swiper-slide-image\" src=\"https:\/\/www.mas-des-marguerites.com\/wp-content\/uploads\/2024\/02\/20230914_165237-scaled.jpg\" alt=\"Suite Olivier\" \/><figcaption class=\"elementor-image-carousel-caption\">Suite Olivier<\/figcaption><\/figure><\/div><div class=\"swiper-slide\" role=\"group\" aria-roledescription=\"slide\" aria-label=\"5 von 10\" data-no-translation-aria-label=\"\"><figure class=\"swiper-slide-inner\"><img decoding=\"async\" class=\"swiper-slide-image\" src=\"https:\/\/www.mas-des-marguerites.com\/wp-content\/uploads\/2024\/02\/20230914_175840-scaled.jpg\" alt=\"Suite Olivier\" \/><figcaption class=\"elementor-image-carousel-caption\">Suite Olivier<\/figcaption><\/figure><\/div><div class=\"swiper-slide\" role=\"group\" aria-roledescription=\"slide\" aria-label=\"6 von 10\" data-no-translation-aria-label=\"\"><figure class=\"swiper-slide-inner\"><img decoding=\"async\" class=\"swiper-slide-image\" src=\"https:\/\/www.mas-des-marguerites.com\/wp-content\/uploads\/2024\/02\/20230915_114200-scaled.jpg\" alt=\"Suite Olivier\" \/><figcaption class=\"elementor-image-carousel-caption\">Suite Olivier<\/figcaption><\/figure><\/div><div class=\"swiper-slide\" role=\"group\" aria-roledescription=\"slide\" aria-label=\"7 von 10\" data-no-translation-aria-label=\"\"><figure class=\"swiper-slide-inner\"><img decoding=\"async\" class=\"swiper-slide-image\" src=\"https:\/\/www.mas-des-marguerites.com\/wp-content\/uploads\/2024\/02\/20230915_114541-scaled.jpg\" alt=\"Suite Olivier\" \/><figcaption class=\"elementor-image-carousel-caption\">Suite Olivier<\/figcaption><\/figure><\/div><div class=\"swiper-slide\" role=\"group\" aria-roledescription=\"slide\" aria-label=\"8 von 10\" data-no-translation-aria-label=\"\"><figure class=\"swiper-slide-inner\"><img decoding=\"async\" class=\"swiper-slide-image\" src=\"https:\/\/www.mas-des-marguerites.com\/wp-content\/uploads\/2024\/02\/DSC07221-scaled.jpg\" alt=\"Suite Olivier\" \/><figcaption class=\"elementor-image-carousel-caption\">Suite Olivier<\/figcaption><\/figure><\/div><div class=\"swiper-slide\" role=\"group\" aria-roledescription=\"slide\" aria-label=\"9 von 10\" data-no-translation-aria-label=\"\"><figure class=\"swiper-slide-inner\"><img decoding=\"async\" class=\"swiper-slide-image\" src=\"https:\/\/www.mas-des-marguerites.com\/wp-content\/uploads\/2024\/02\/DSC07394-scaled.jpg\" alt=\"Suite Olivier\" \/><figcaption class=\"elementor-image-carousel-caption\">Suite Olivier<\/figcaption><\/figure><\/div><div class=\"swiper-slide\" role=\"group\" aria-roledescription=\"slide\" aria-label=\"10 von 10\" data-no-translation-aria-label=\"\"><figure class=\"swiper-slide-inner\"><img decoding=\"async\" class=\"swiper-slide-image\" src=\"https:\/\/www.mas-des-marguerites.com\/wp-content\/uploads\/2024\/02\/DSC07435-scaled.jpg\" alt=\"Suite Olivier\" \/><figcaption class=\"elementor-image-carousel-caption\">Suite Olivier<\/figcaption><\/figure><\/div>\t\t\t<\/div>\n\t\t\t\t\t\t\t\t\t\t\t\t<div class=\"elementor-swiper-button elementor-swiper-button-prev\" role=\"button\" tabindex=\"0\">\n\t\t\t\t\t\t<i aria-hidden=\"true\" class=\"eicon-chevron-left\"><\/i>\t\t\t\t\t<\/div>\n\t\t\t\t\t<div class=\"elementor-swiper-button elementor-swiper-button-next\" role=\"button\" tabindex=\"0\">\n\t\t\t\t\t\t<i aria-hidden=\"true\" class=\"eicon-chevron-right\"><\/i>\t\t\t\t\t<\/div>\n\t\t\t\t\n\t\t\t\t\t\t\t\t\t<div class=\"swiper-pagination\"><\/div>\n\t\t\t\t\t\t\t\t\t<\/div>\n\t\t\t\t\t\t<\/div>\n\t\t\t\t<\/div>\n\t\t\t\t\t<\/div>\n\t\t<\/div>\n\t\t\t\t\t<\/div>\n\t\t<\/section>\n\t\t\t\t<section class=\"elementor-section elementor-top-section elementor-element elementor-element-f7f95ec elementor-section-boxed elementor-section-height-default elementor-section-height-default qodef-elementor-content-no\" data-id=\"f7f95ec\" data-element_type=\"section\">\n\t\t\t\t\t\t<div class=\"elementor-container elementor-column-gap-default\">\n\t\t\t\t\t<div class=\"elementor-column elementor-col-50 elementor-top-column elementor-element elementor-element-1345b5e\" data-id=\"1345b5e\" data-element_type=\"column\">\n\t\t\t<div class=\"elementor-widget-wrap elementor-element-populated\">\n\t\t\t\t\t\t<div class=\"elementor-element elementor-element-7a65c93 elementor-widget elementor-widget-text-editor\" data-id=\"7a65c93\" data-element_type=\"widget\" data-widget_type=\"text-editor.default\">\n\t\t\t\t<div class=\"elementor-widget-container\">\n\t\t\t\t\t\t\t\t\t<h2>Suite M\u00fbrier<\/h2>\t\t\t\t\t\t\t\t<\/div>\n\t\t\t\t<\/div>\n\t\t\t\t<div class=\"elementor-element elementor-element-038ea8d elementor-widget elementor-widget-text-editor\" data-id=\"038ea8d\" data-element_type=\"widget\" data-widget_type=\"text-editor.default\">\n\t\t\t\t<div class=\"elementor-widget-container\">\n\t\t\t\t\t\t\t\t\t<ul><li><span class=\"elementor-icon-list-text\">Suite de 33m2 <\/span><\/li><li><span class=\"elementor-icon-list-text\">1 lit double de 160x200cm \u00e0 l&rsquo;\u00e9tage en mezzanine<\/span><\/li><li><span class=\"elementor-icon-list-text\">1 canap\u00e9 convertible permettant un couchage confortable pour 2 personnes<\/span><\/li><li><span class=\"elementor-icon-list-text\">KLIMAANLAGE<\/span><\/li><li><span class=\"elementor-icon-list-text\">Salle de bain avec baignoire<\/span><\/li><li><span class=\"elementor-icon-list-text\">Toilettes s\u00e9par\u00e9es<br \/><\/span><\/li><li><span class=\"elementor-icon-list-text\">Wifi gratuit<\/span><\/li><li><span class=\"elementor-icon-list-text\">TV connect\u00e9e<\/span><\/li><li><span class=\"elementor-icon-list-text\">Plateau de courtoisie avec th\u00e9 et caf\u00e9<\/span><\/li><li><span class=\"elementor-icon-list-text\">Mini bar avec bouteilles d&rsquo;eau offertes \u00e0 votre arriv\u00e9e<\/span><\/li><\/ul>\t\t\t\t\t\t\t\t<\/div>\n\t\t\t\t<\/div>\n\t\t\t\t<div class=\"elementor-element elementor-element-afa6ffa elementor-widget elementor-widget-text-editor\" data-id=\"afa6ffa\" data-element_type=\"widget\" data-widget_type=\"text-editor.default\">\n\t\t\t\t<div class=\"elementor-widget-container\">\n\t\t\t\t\t\t\t\t\t<h2>Suite Laurier ou Olivier<\/h2>\t\t\t\t\t\t\t\t<\/div>\n\t\t\t\t<\/div>\n\t\t\t\t<div class=\"elementor-element elementor-element-2d1a8d0 elementor-widget elementor-widget-text-editor\" data-id=\"2d1a8d0\" data-element_type=\"widget\" data-widget_type=\"text-editor.default\">\n\t\t\t\t<div class=\"elementor-widget-container\">\n\t\t\t\t\t\t\t\t\t<ul><li><span class=\"elementor-icon-list-text\">Suite de 33m2<\/span><\/li><li><span class=\"elementor-icon-list-text\">1 lit double de 160x200cm ou 2 lits de 80x200cm \u00e0 l&rsquo;\u00e9tage en mezzanine<\/span><\/li><li><span class=\"elementor-icon-list-text\">1 canap\u00e9 convertible permettant un couchage confortable <\/span><span class=\"elementor-icon-list-text\">pour 2 personnes<\/span><\/li><li><span class=\"elementor-icon-list-text\">KLIMAANLAGE<\/span><\/li><li><span class=\"elementor-icon-list-text\">Salle de bain avec douche<\/span><\/li><li><span class=\"elementor-icon-list-text\">Toilettes s\u00e9par\u00e9es<br \/><\/span><\/li><li><span class=\"elementor-icon-list-text\">Wifi gratuit<\/span><\/li><li><span class=\"elementor-icon-list-text\">TV connect\u00e9e<\/span><\/li><\/ul>\t\t\t\t\t\t\t\t<\/div>\n\t\t\t\t<\/div>\n\t\t\t\t\t<\/div>\n\t\t<\/div>\n\t\t\t\t<div class=\"elementor-column elementor-col-50 elementor-top-column elementor-element elementor-element-27fbcb0\" data-id=\"27fbcb0\" data-element_type=\"column\">\n\t\t\t<div class=\"elementor-widget-wrap elementor-element-populated\">\n\t\t\t\t\t\t<div class=\"elementor-element elementor-element-41dd8a5 elementor-widget elementor-widget-price-table\" data-id=\"41dd8a5\" data-element_type=\"widget\" data-widget_type=\"price-table.default\">\n\t\t\t\t<div class=\"elementor-widget-container\">\n\t\t\t\t\t\n\t\t<div class=\"elementor-price-table\">\n\t\t\t\t\t\t\t<div class=\"elementor-price-table__header\">\n\t\t\t\t\t\n\t\t\t\t\t\t\t\t\t\t\t<span class=\"elementor-price-table__subheading\">\n\t\t\t\t\t\t\tBASSE SAISON\t\t\t\t\t\t<\/span>\n\t\t\t\t\t\t\t\t\t<\/div>\n\t\t\t\n\t\t\t<div class=\"elementor-price-table__price\">\n\t\t\t\t\t\t\t\t\t\t\t\t\t\t\t\t\t<span class=\"elementor-price-table__integer-part\">\n\t\t\t\t\t\t149\t\t\t\t\t<\/span>\n\t\t\t\t\n\t\t\t\t\n\t\t\t\t<span class=\"elementor-price-table__currency\">&#128;<\/span>\n\t\t\t\t\t\t\t\t\t<span class=\"elementor-price-table__period elementor-typo-excluded\">par nuit pour 1 \u00e0 2 personnes<br>petit-d\u00e9jeuner inclus<\/span>\t\t\t\t\t\t\t<\/div>\n\n\t\t\t\t\t\t\t<ul class=\"elementor-price-table__features-list\">\n\t\t\t\t\t\t\t\t\t\t\t<li class=\"elementor-repeater-item-1b56569\">\n\t\t\t\t\t\t\t<div class=\"elementor-price-table__feature-inner\">\n\t\t\t\t\t\t\t\t\t\t\t\t\t\t\t\t\t\t\t\t\t\t\t\t\t<span >\n\t\t\t\t\t\t\t\t\t\tdu 1er octobre au 30 avril\t\t\t\t\t\t\t\t\t<\/span>\n\t\t\t\t\t\t\t\t\t\t\t\t\t\t\t\t<\/div>\n\t\t\t\t\t\t<\/li>\n\t\t\t\t\t\t\t\t\t\t\t<li class=\"elementor-repeater-item-7d7d905\">\n\t\t\t\t\t\t\t<div class=\"elementor-price-table__feature-inner\">\n\t\t\t\t\t\t\t\t\t\t\t\t\t\t\t\t\t\t\t\t\t\t\t\t\t<span >\n\t\t\t\t\t\t\t\t\t\t(sauf vacances de P\u00e2ques)\t\t\t\t\t\t\t\t\t<\/span>\n\t\t\t\t\t\t\t\t\t\t\t\t\t\t\t\t<\/div>\n\t\t\t\t\t\t<\/li>\n\t\t\t\t\t\t\t\t\t\t\t<li class=\"elementor-repeater-item-f4b5a4b\">\n\t\t\t\t\t\t\t<div class=\"elementor-price-table__feature-inner\">\n\t\t\t\t\t\t\t\t\t\t\t\t\t\t\t\t\t\t\t\t\t\t\t\t\t<span >\n\t\t\t\t\t\t\t\t\t\tPersonne suppl\u00e9mentaire : 35 \u20ac la nuit avec petit-d\u00e9jeuner\t\t\t\t\t\t\t\t\t<\/span>\n\t\t\t\t\t\t\t\t\t\t\t\t\t\t\t\t<\/div>\n\t\t\t\t\t\t<\/li>\n\t\t\t\t\t\t\t\t\t<\/ul>\n\t\t\t\n\t\t\t\t\t<\/div>\n\n\t\t\t\t\t\t<\/div>\n\t\t\t\t<\/div>\n\t\t\t\t<div class=\"elementor-element elementor-element-5c3a7a7 elementor-widget elementor-widget-price-table\" data-id=\"5c3a7a7\" data-element_type=\"widget\" data-widget_type=\"price-table.default\">\n\t\t\t\t<div class=\"elementor-widget-container\">\n\t\t\t\t\t\n\t\t<div class=\"elementor-price-table\">\n\t\t\t\t\t\t\t<div class=\"elementor-price-table__header\">\n\t\t\t\t\t\n\t\t\t\t\t\t\t\t\t\t\t<span class=\"elementor-price-table__subheading\">\n\t\t\t\t\t\t\tHAUTE SAISON\t\t\t\t\t\t<\/span>\n\t\t\t\t\t\t\t\t\t<\/div>\n\t\t\t\n\t\t\t<div class=\"elementor-price-table__price\">\n\t\t\t\t\t\t\t\t\t\t\t\t\t\t\t\t\t<span class=\"elementor-price-table__integer-part\">\n\t\t\t\t\t\t199\t\t\t\t\t<\/span>\n\t\t\t\t\n\t\t\t\t\n\t\t\t\t<span class=\"elementor-price-table__currency\">&#128;<\/span>\n\t\t\t\t\t\t\t\t\t<span class=\"elementor-price-table__period elementor-typo-excluded\">par nuit pour 1 \u00e0 2 personnes<br>petit-d\u00e9jeuner inclus<\/span>\t\t\t\t\t\t\t<\/div>\n\n\t\t\t\t\t\t\t<ul class=\"elementor-price-table__features-list\">\n\t\t\t\t\t\t\t\t\t\t\t<li class=\"elementor-repeater-item-1b56569\">\n\t\t\t\t\t\t\t<div class=\"elementor-price-table__feature-inner\">\n\t\t\t\t\t\t\t\t\t\t\t\t\t\t\t\t\t\t\t\t\t\t\t\t\t<span >\n\t\t\t\t\t\t\t\t\t\tdu 1er mai au 30 septembre\t\t\t\t\t\t\t\t\t<\/span>\n\t\t\t\t\t\t\t\t\t\t\t\t\t\t\t\t<\/div>\n\t\t\t\t\t\t<\/li>\n\t\t\t\t\t\t\t\t\t\t\t<li class=\"elementor-repeater-item-7d7d905\">\n\t\t\t\t\t\t\t<div class=\"elementor-price-table__feature-inner\">\n\t\t\t\t\t\t\t\t\t\t\t\t\t\t\t\t\t\t\t\t\t\t\t\t\t<span >\n\t\t\t\t\t\t\t\t\t\t(et vacances de P\u00e2ques)\t\t\t\t\t\t\t\t\t<\/span>\n\t\t\t\t\t\t\t\t\t\t\t\t\t\t\t\t<\/div>\n\t\t\t\t\t\t<\/li>\n\t\t\t\t\t\t\t\t\t\t\t<li class=\"elementor-repeater-item-1d588e1\">\n\t\t\t\t\t\t\t<div class=\"elementor-price-table__feature-inner\">\n\t\t\t\t\t\t\t\t\t\t\t\t\t\t\t\t\t\t\t\t\t\t\t\t\t<span >\n\t\t\t\t\t\t\t\t\t\tPersonne suppl\u00e9mentaire : 35 \u20ac la nuit avec petit-d\u00e9jeuner\t\t\t\t\t\t\t\t\t<\/span>\n\t\t\t\t\t\t\t\t\t\t\t\t\t\t\t\t<\/div>\n\t\t\t\t\t\t<\/li>\n\t\t\t\t\t\t\t\t\t<\/ul>\n\t\t\t\n\t\t\t\t\t<\/div>\n\n\t\t\t\t\t\t<\/div>\n\t\t\t\t<\/div>\n\t\t\t\t\t<\/div>\n\t\t<\/div>\n\t\t\t\t\t<\/div>\n\t\t<\/section>\n\t\t\t\t<\/div>","protected":false},"excerpt":{"rendered":"<p>Les Suites Suite M\u00fbrier Suite Olivier Suite Olivier Suite Olivier Suite Olivier Suite Olivier Suite Olivier Suite Olivier Suite Olivier Suite Olivier Previous image Next image Suite M\u00fbrier Suite de 33m2 1 lit double de 160x200cm \u00e0 l&rsquo;\u00e9tage en mezzanine 1 canap\u00e9 convertible permettant un couchage confortable pour 2 personnes Climatisation Salle de bain avec [&hellip;]<\/p>","protected":false},"author":1,"featured_media":0,"parent":0,"menu_order":0,"comment_status":"closed","ping_status":"closed","template":"","meta":{"inline_featured_image":false,"footnotes":""},"class_list":["post-964","page","type-page","status-publish","hentry"],"yoast_head":"<!-- This site is optimized with the Yoast SEO plugin v26.7 - https:\/\/yoast.com\/wordpress\/plugins\/seo\/ -->\n<title>Les Suites - Mas des Marguerites<\/title>\n<meta name=\"robots\" content=\"index, follow, max-snippet:-1, max-image-preview:large, max-video-preview:-1\" \/>\n<link rel=\"canonical\" href=\"https:\/\/www.mas-des-marguerites.com\/de\/les-suites\/\" \/>\n<meta property=\"og:locale\" content=\"de_DE\" \/>\n<meta property=\"og:type\" content=\"article\" \/>\n<meta property=\"og:title\" content=\"Les Suites - Mas des Marguerites\" \/>\n<meta property=\"og:description\" content=\"Les Suites Suite M\u00fbrier Suite Olivier Suite Olivier Suite Olivier Suite Olivier Suite Olivier Suite Olivier Suite Olivier Suite Olivier Suite Olivier Previous image Next image Suite M\u00fbrier Suite de 33m2 1 lit double de 160x200cm \u00e0 l&rsquo;\u00e9tage en mezzanine 1 canap\u00e9 convertible permettant un couchage confortable pour 2 personnes Climatisation Salle de bain avec [&hellip;]\" \/>\n<meta property=\"og:url\" content=\"https:\/\/www.mas-des-marguerites.com\/de\/les-suites\/\" \/>\n<meta property=\"og:site_name\" content=\"Mas des Marguerites\" \/>\n<meta property=\"article:modified_time\" content=\"2026-01-12T09:11:04+00:00\" \/>\n<meta property=\"og:image\" content=\"https:\/\/www.mas-des-marguerites.com\/wp-content\/uploads\/2024\/02\/20230915_122448-scaled.jpg\" \/>\n<meta name=\"twitter:card\" content=\"summary_large_image\" \/>\n<meta name=\"twitter:label1\" content=\"Gesch\u00e4tzte Lesezeit\" \/>\n\t<meta name=\"twitter:data1\" content=\"4\u00a0Minuten\" \/>\n<script type=\"application\/ld+json\" class=\"yoast-schema-graph\">{\"@context\":\"https:\/\/schema.org\",\"@graph\":[{\"@type\":\"WebPage\",\"@id\":\"https:\/\/www.mas-des-marguerites.com\/les-suites\/\",\"url\":\"https:\/\/www.mas-des-marguerites.com\/les-suites\/\",\"name\":\"Les Suites - Mas des Marguerites\",\"isPartOf\":{\"@id\":\"https:\/\/www.mas-des-marguerites.com\/#website\"},\"primaryImageOfPage\":{\"@id\":\"https:\/\/www.mas-des-marguerites.com\/les-suites\/#primaryimage\"},\"image\":{\"@id\":\"https:\/\/www.mas-des-marguerites.com\/les-suites\/#primaryimage\"},\"thumbnailUrl\":\"https:\/\/www.mas-des-marguerites.com\/wp-content\/uploads\/2024\/02\/20230915_122448-scaled.jpg\",\"datePublished\":\"2024-02-13T13:32:46+00:00\",\"dateModified\":\"2026-01-12T09:11:04+00:00\",\"breadcrumb\":{\"@id\":\"https:\/\/www.mas-des-marguerites.com\/les-suites\/#breadcrumb\"},\"inLanguage\":\"de\",\"potentialAction\":[{\"@type\":\"ReadAction\",\"target\":[\"https:\/\/www.mas-des-marguerites.com\/les-suites\/\"]}]},{\"@type\":\"ImageObject\",\"inLanguage\":\"de\",\"@id\":\"https:\/\/www.mas-des-marguerites.com\/les-suites\/#primaryimage\",\"url\":\"https:\/\/www.mas-des-marguerites.com\/wp-content\/uploads\/2024\/02\/20230915_122448-scaled.jpg\",\"contentUrl\":\"https:\/\/www.mas-des-marguerites.com\/wp-content\/uploads\/2024\/02\/20230915_122448-scaled.jpg\"},{\"@type\":\"BreadcrumbList\",\"@id\":\"https:\/\/www.mas-des-marguerites.com\/les-suites\/#breadcrumb\",\"itemListElement\":[{\"@type\":\"ListItem\",\"position\":1,\"name\":\"Accueil\",\"item\":\"https:\/\/www.mas-des-marguerites.com\/\"},{\"@type\":\"ListItem\",\"position\":2,\"name\":\"Les Suites\"}]},{\"@type\":\"WebSite\",\"@id\":\"https:\/\/www.mas-des-marguerites.com\/#website\",\"url\":\"https:\/\/www.mas-des-marguerites.com\/\",\"name\":\"Mas des Marguerites\",\"description\":\"Chambres d&#039;H\u00f4tes \u00e0 Maussane les Alpilles\",\"publisher\":{\"@id\":\"https:\/\/www.mas-des-marguerites.com\/#organization\"},\"potentialAction\":[{\"@type\":\"SearchAction\",\"target\":{\"@type\":\"EntryPoint\",\"urlTemplate\":\"https:\/\/www.mas-des-marguerites.com\/?s={search_term_string}\"},\"query-input\":{\"@type\":\"PropertyValueSpecification\",\"valueRequired\":true,\"valueName\":\"search_term_string\"}}],\"inLanguage\":\"de\"},{\"@type\":\"Organization\",\"@id\":\"https:\/\/www.mas-des-marguerites.com\/#organization\",\"name\":\"Mas des Marguerites\",\"url\":\"https:\/\/www.mas-des-marguerites.com\/\",\"logo\":{\"@type\":\"ImageObject\",\"inLanguage\":\"de\",\"@id\":\"https:\/\/www.mas-des-marguerites.com\/#\/schema\/logo\/image\/\",\"url\":\"https:\/\/www.mas-des-marguerites.com\/wp-content\/uploads\/2023\/04\/masdesmarguerites-logo.jpg\",\"contentUrl\":\"https:\/\/www.mas-des-marguerites.com\/wp-content\/uploads\/2023\/04\/masdesmarguerites-logo.jpg\",\"width\":1200,\"height\":1000,\"caption\":\"Mas des Marguerites\"},\"image\":{\"@id\":\"https:\/\/www.mas-des-marguerites.com\/#\/schema\/logo\/image\/\"}}]}<\/script>\n<!-- \/ Yoast SEO plugin. -->","yoast_head_json":{"title":"Les Suites - Mas des Marguerites","robots":{"index":"index","follow":"follow","max-snippet":"max-snippet:-1","max-image-preview":"max-image-preview:large","max-video-preview":"max-video-preview:-1"},"canonical":"https:\/\/www.mas-des-marguerites.com\/de\/les-suites\/","og_locale":"de_DE","og_type":"article","og_title":"Les Suites - Mas des Marguerites","og_description":"Les Suites Suite M\u00fbrier Suite Olivier Suite Olivier Suite Olivier Suite Olivier Suite Olivier Suite Olivier Suite Olivier Suite Olivier Suite Olivier Previous image Next image Suite M\u00fbrier Suite de 33m2 1 lit double de 160x200cm \u00e0 l&rsquo;\u00e9tage en mezzanine 1 canap\u00e9 convertible permettant un couchage confortable pour 2 personnes Climatisation Salle de bain avec [&hellip;]","og_url":"https:\/\/www.mas-des-marguerites.com\/de\/les-suites\/","og_site_name":"Mas des Marguerites","article_modified_time":"2026-01-12T09:11:04+00:00","og_image":[{"url":"https:\/\/www.mas-des-marguerites.com\/wp-content\/uploads\/2024\/02\/20230915_122448-scaled.jpg","type":"","width":"","height":""}],"twitter_card":"summary_large_image","twitter_misc":{"Gesch\u00e4tzte Lesezeit":"4\u00a0Minuten"},"schema":{"@context":"https:\/\/schema.org","@graph":[{"@type":"WebPage","@id":"https:\/\/www.mas-des-marguerites.com\/les-suites\/","url":"https:\/\/www.mas-des-marguerites.com\/les-suites\/","name":"Les Suites - Mas des Marguerites","isPartOf":{"@id":"https:\/\/www.mas-des-marguerites.com\/#website"},"primaryImageOfPage":{"@id":"https:\/\/www.mas-des-marguerites.com\/les-suites\/#primaryimage"},"image":{"@id":"https:\/\/www.mas-des-marguerites.com\/les-suites\/#primaryimage"},"thumbnailUrl":"https:\/\/www.mas-des-marguerites.com\/wp-content\/uploads\/2024\/02\/20230915_122448-scaled.jpg","datePublished":"2024-02-13T13:32:46+00:00","dateModified":"2026-01-12T09:11:04+00:00","breadcrumb":{"@id":"https:\/\/www.mas-des-marguerites.com\/les-suites\/#breadcrumb"},"inLanguage":"de","potentialAction":[{"@type":"ReadAction","target":["https:\/\/www.mas-des-marguerites.com\/les-suites\/"]}]},{"@type":"ImageObject","inLanguage":"de","@id":"https:\/\/www.mas-des-marguerites.com\/les-suites\/#primaryimage","url":"https:\/\/www.mas-des-marguerites.com\/wp-content\/uploads\/2024\/02\/20230915_122448-scaled.jpg","contentUrl":"https:\/\/www.mas-des-marguerites.com\/wp-content\/uploads\/2024\/02\/20230915_122448-scaled.jpg"},{"@type":"BreadcrumbList","@id":"https:\/\/www.mas-des-marguerites.com\/les-suites\/#breadcrumb","itemListElement":[{"@type":"ListItem","position":1,"name":"Accueil","item":"https:\/\/www.mas-des-marguerites.com\/"},{"@type":"ListItem","position":2,"name":"Les Suites"}]},{"@type":"WebSite","@id":"https:\/\/www.mas-des-marguerites.com\/#website","url":"https:\/\/www.mas-des-marguerites.com\/","name":"Mas des Marguerites","description":"Chambres d&#039;H\u00f4tes \u00e0 Maussane les Alpilles","publisher":{"@id":"https:\/\/www.mas-des-marguerites.com\/#organization"},"potentialAction":[{"@type":"SearchAction","target":{"@type":"EntryPoint","urlTemplate":"https:\/\/www.mas-des-marguerites.com\/?s={search_term_string}"},"query-input":{"@type":"PropertyValueSpecification","valueRequired":true,"valueName":"search_term_string"}}],"inLanguage":"de"},{"@type":"Organization","@id":"https:\/\/www.mas-des-marguerites.com\/#organization","name":"Mas des Marguerites","url":"https:\/\/www.mas-des-marguerites.com\/","logo":{"@type":"ImageObject","inLanguage":"de","@id":"https:\/\/www.mas-des-marguerites.com\/#\/schema\/logo\/image\/","url":"https:\/\/www.mas-des-marguerites.com\/wp-content\/uploads\/2023\/04\/masdesmarguerites-logo.jpg","contentUrl":"https:\/\/www.mas-des-marguerites.com\/wp-content\/uploads\/2023\/04\/masdesmarguerites-logo.jpg","width":1200,"height":1000,"caption":"Mas des Marguerites"},"image":{"@id":"https:\/\/www.mas-des-marguerites.com\/#\/schema\/logo\/image\/"}}]}},"_links":{"self":[{"href":"https:\/\/www.mas-des-marguerites.com\/de\/wp-json\/wp\/v2\/pages\/964","targetHints":{"allow":["GET"]}}],"collection":[{"href":"https:\/\/www.mas-des-marguerites.com\/de\/wp-json\/wp\/v2\/pages"}],"about":[{"href":"https:\/\/www.mas-des-marguerites.com\/de\/wp-json\/wp\/v2\/types\/page"}],"author":[{"embeddable":true,"href":"https:\/\/www.mas-des-marguerites.com\/de\/wp-json\/wp\/v2\/users\/1"}],"replies":[{"embeddable":true,"href":"https:\/\/www.mas-des-marguerites.com\/de\/wp-json\/wp\/v2\/comments?post=964"}],"version-history":[{"count":34,"href":"https:\/\/www.mas-des-marguerites.com\/de\/wp-json\/wp\/v2\/pages\/964\/revisions"}],"predecessor-version":[{"id":1147,"href":"https:\/\/www.mas-des-marguerites.com\/de\/wp-json\/wp\/v2\/pages\/964\/revisions\/1147"}],"wp:attachment":[{"href":"https:\/\/www.mas-des-marguerites.com\/de\/wp-json\/wp\/v2\/media?parent=964"}],"curies":[{"name":"wp","href":"https:\/\/api.w.org\/{rel}","templated":true}]}}