{"id":939,"date":"2024-01-29T12:17:27","date_gmt":"2024-01-29T11:17:27","guid":{"rendered":"https:\/\/www.mas-des-marguerites.com\/?page_id=939"},"modified":"2026-01-12T10:10:52","modified_gmt":"2026-01-12T09:10:52","slug":"les-chambres","status":"publish","type":"page","link":"https:\/\/www.mas-des-marguerites.com\/nl\/les-chambres\/","title":{"rendered":"De Kamers"},"content":{"rendered":"<div data-elementor-type=\"wp-page\" data-elementor-id=\"939\" class=\"elementor elementor-939\" data-elementor-post-type=\"page\">\n\t\t\t\t\t\t<section class=\"elementor-section elementor-top-section elementor-element elementor-element-eab1209 elementor-section-boxed elementor-section-height-default elementor-section-height-default qodef-elementor-content-no\" data-id=\"eab1209\" data-element_type=\"section\">\n\t\t\t\t\t\t<div class=\"elementor-container elementor-column-gap-default\">\n\t\t\t\t\t<div class=\"elementor-column elementor-col-100 elementor-top-column elementor-element elementor-element-1a424cb\" data-id=\"1a424cb\" data-element_type=\"column\">\n\t\t\t<div class=\"elementor-widget-wrap elementor-element-populated\">\n\t\t\t\t\t\t<div class=\"elementor-element elementor-element-ec2b9c3 elementor-widget elementor-widget-text-editor\" data-id=\"ec2b9c3\" data-element_type=\"widget\" data-widget_type=\"text-editor.default\">\n\t\t\t\t<div class=\"elementor-widget-container\">\n\t\t\t\t\t\t\t\t\t<h1>De Kamers<\/h1>\t\t\t\t\t\t\t\t<\/div>\n\t\t\t\t<\/div>\n\t\t\t\t\t<\/div>\n\t\t<\/div>\n\t\t\t\t\t<\/div>\n\t\t<\/section>\n\t\t\t\t<section class=\"elementor-section elementor-top-section elementor-element elementor-element-df40c43 elementor-section-boxed elementor-section-height-default elementor-section-height-default qodef-elementor-content-no\" data-id=\"df40c43\" data-element_type=\"section\">\n\t\t\t\t\t\t<div class=\"elementor-container elementor-column-gap-default\">\n\t\t\t\t\t<div class=\"elementor-column elementor-col-100 elementor-top-column elementor-element elementor-element-9b6746c\" data-id=\"9b6746c\" data-element_type=\"column\">\n\t\t\t<div class=\"elementor-widget-wrap elementor-element-populated\">\n\t\t\t\t\t\t<div class=\"elementor-element elementor-element-5fd6e77 elementor-arrows-position-inside elementor-pagination-position-outside elementor-widget elementor-widget-image-carousel\" data-id=\"5fd6e77\" data-element_type=\"widget\" data-settings=\"{&quot;slides_to_show&quot;:&quot;1&quot;,&quot;navigation&quot;:&quot;both&quot;,&quot;autoplay&quot;:&quot;yes&quot;,&quot;pause_on_hover&quot;:&quot;yes&quot;,&quot;pause_on_interaction&quot;:&quot;yes&quot;,&quot;autoplay_speed&quot;:5000,&quot;infinite&quot;:&quot;yes&quot;,&quot;effect&quot;:&quot;slide&quot;,&quot;speed&quot;:500}\" data-widget_type=\"image-carousel.default\">\n\t\t\t\t<div class=\"elementor-widget-container\">\n\t\t\t\t\t\t\t<div class=\"elementor-image-carousel-wrapper swiper\" role=\"region\" aria-roledescription=\"carousel\" aria-label=\"Carrousel d\u2019images\" dir=\"ltr\">\n\t\t\t<div class=\"elementor-image-carousel swiper-wrapper\" aria-live=\"off\">\n\t\t\t\t\t\t\t\t<div class=\"swiper-slide\" role=\"group\" aria-roledescription=\"slide\" aria-label=\"1 sur 7\"><figure class=\"swiper-slide-inner\"><img decoding=\"async\" class=\"swiper-slide-image\" src=\"https:\/\/www.mas-des-marguerites.com\/wp-content\/uploads\/2024\/01\/DSC08140-scaled.jpg\" alt=\"Chambre Amandier\" \/><figcaption class=\"elementor-image-carousel-caption\">Chambre Amandier<\/figcaption><\/figure><\/div><div class=\"swiper-slide\" role=\"group\" aria-roledescription=\"slide\" aria-label=\"2 sur 7\"><figure class=\"swiper-slide-inner\"><img decoding=\"async\" class=\"swiper-slide-image\" src=\"https:\/\/www.mas-des-marguerites.com\/wp-content\/uploads\/2024\/01\/20230917_170553-scaled.jpg\" alt=\"Chambre Amandier\" \/><figcaption class=\"elementor-image-carousel-caption\">Chambre Amandier<\/figcaption><\/figure><\/div><div class=\"swiper-slide\" role=\"group\" aria-roledescription=\"slide\" aria-label=\"3 sur 7\"><figure class=\"swiper-slide-inner\"><img decoding=\"async\" class=\"swiper-slide-image\" src=\"https:\/\/www.mas-des-marguerites.com\/wp-content\/uploads\/2024\/01\/20230917_170841-scaled.jpg\" alt=\"Chambre Amandier\" \/><figcaption class=\"elementor-image-carousel-caption\">Chambre Amandier<\/figcaption><\/figure><\/div><div class=\"swiper-slide\" role=\"group\" aria-roledescription=\"slide\" aria-label=\"4 sur 7\"><figure class=\"swiper-slide-inner\"><img decoding=\"async\" class=\"swiper-slide-image\" src=\"https:\/\/www.mas-des-marguerites.com\/wp-content\/uploads\/2024\/01\/20230917_170057-scaled.jpg\" alt=\"Chambre Amandier\" \/><figcaption class=\"elementor-image-carousel-caption\">Chambre Amandier<\/figcaption><\/figure><\/div><div class=\"swiper-slide\" role=\"group\" aria-roledescription=\"slide\" aria-label=\"5 sur 7\"><figure class=\"swiper-slide-inner\"><img decoding=\"async\" class=\"swiper-slide-image\" src=\"https:\/\/www.mas-des-marguerites.com\/wp-content\/uploads\/2024\/02\/20230917_164724-scaled.jpg\" alt=\"Chambre Figuier\" \/><figcaption class=\"elementor-image-carousel-caption\">Chambre Figuier<\/figcaption><\/figure><\/div><div class=\"swiper-slide\" role=\"group\" aria-roledescription=\"slide\" aria-label=\"6 sur 7\"><figure class=\"swiper-slide-inner\"><img decoding=\"async\" class=\"swiper-slide-image\" src=\"https:\/\/www.mas-des-marguerites.com\/wp-content\/uploads\/2024\/02\/20230917_164811-scaled.jpg\" alt=\"Chambre Figuier\" \/><figcaption class=\"elementor-image-carousel-caption\">Chambre Figuier<\/figcaption><\/figure><\/div><div class=\"swiper-slide\" role=\"group\" aria-roledescription=\"slide\" aria-label=\"7 sur 7\"><figure class=\"swiper-slide-inner\"><img decoding=\"async\" class=\"swiper-slide-image\" src=\"https:\/\/www.mas-des-marguerites.com\/wp-content\/uploads\/2024\/02\/20230917_165007-scaled.jpg\" alt=\"Chambre Figuier\" \/><figcaption class=\"elementor-image-carousel-caption\">Chambre Figuier<\/figcaption><\/figure><\/div>\t\t\t<\/div>\n\t\t\t\t\t\t\t\t\t\t\t\t<div class=\"elementor-swiper-button elementor-swiper-button-prev\" role=\"button\" tabindex=\"0\">\n\t\t\t\t\t\t<i aria-hidden=\"true\" class=\"eicon-chevron-left\"><\/i>\t\t\t\t\t<\/div>\n\t\t\t\t\t<div class=\"elementor-swiper-button elementor-swiper-button-next\" role=\"button\" tabindex=\"0\">\n\t\t\t\t\t\t<i aria-hidden=\"true\" class=\"eicon-chevron-right\"><\/i>\t\t\t\t\t<\/div>\n\t\t\t\t\n\t\t\t\t\t\t\t\t\t<div class=\"swiper-pagination\"><\/div>\n\t\t\t\t\t\t\t\t\t<\/div>\n\t\t\t\t\t\t<\/div>\n\t\t\t\t<\/div>\n\t\t\t\t\t<\/div>\n\t\t<\/div>\n\t\t\t\t\t<\/div>\n\t\t<\/section>\n\t\t\t\t<section class=\"elementor-section elementor-top-section elementor-element elementor-element-24bcf68 elementor-section-boxed elementor-section-height-default elementor-section-height-default qodef-elementor-content-no\" data-id=\"24bcf68\" data-element_type=\"section\">\n\t\t\t\t\t\t<div class=\"elementor-container elementor-column-gap-default\">\n\t\t\t\t\t<div class=\"elementor-column elementor-col-50 elementor-top-column elementor-element elementor-element-8450c40\" data-id=\"8450c40\" data-element_type=\"column\">\n\t\t\t<div class=\"elementor-widget-wrap elementor-element-populated\">\n\t\t\t\t\t\t<div class=\"elementor-element elementor-element-03965f1 elementor-widget elementor-widget-text-editor\" data-id=\"03965f1\" data-element_type=\"widget\" data-widget_type=\"text-editor.default\">\n\t\t\t\t<div class=\"elementor-widget-container\">\n\t\t\t\t\t\t\t\t\t<h2>Chambre Amandier<\/h2>\t\t\t\t\t\t\t\t<\/div>\n\t\t\t\t<\/div>\n\t\t\t\t<div class=\"elementor-element elementor-element-172cdc1 elementor-widget elementor-widget-text-editor\" data-id=\"172cdc1\" data-element_type=\"widget\" data-widget_type=\"text-editor.default\">\n\t\t\t\t<div class=\"elementor-widget-container\">\n\t\t\t\t\t\t\t\t\t<ul><li><span class=\"elementor-icon-list-text\">Chambre de 24m2<\/span><\/li><li><span class=\"elementor-icon-list-text\">1 lit double de 180x200cm<\/span><\/li><li><span class=\"elementor-icon-list-text\">Airco<\/span><\/li><li><span class=\"elementor-icon-list-text\">Salle de bain avec baignoire<\/span><\/li><li><span class=\"elementor-icon-list-text\">Toilettes s\u00e9par\u00e9es<\/span><\/li><li><span class=\"elementor-icon-list-text\">Wifi gratuit<\/span><\/li><li><span class=\"elementor-icon-list-text\">TV<\/span><\/li><li><span class=\"elementor-icon-list-text\">Plateau de courtoisie avec th\u00e9 et caf\u00e9<\/span><\/li><li><span class=\"elementor-icon-list-text\">Mini bar avec bouteilles d&rsquo;eau offertes \u00e0 votre arriv\u00e9e<\/span><\/li><\/ul>\t\t\t\t\t\t\t\t<\/div>\n\t\t\t\t<\/div>\n\t\t\t\t<div class=\"elementor-element elementor-element-97b594e elementor-widget elementor-widget-text-editor\" data-id=\"97b594e\" data-element_type=\"widget\" data-widget_type=\"text-editor.default\">\n\t\t\t\t<div class=\"elementor-widget-container\">\n\t\t\t\t\t\t\t\t\t<h2>Chambre Figuier<\/h2>\t\t\t\t\t\t\t\t<\/div>\n\t\t\t\t<\/div>\n\t\t\t\t<div class=\"elementor-element elementor-element-8ac0922 elementor-widget elementor-widget-text-editor\" data-id=\"8ac0922\" data-element_type=\"widget\" data-widget_type=\"text-editor.default\">\n\t\t\t\t<div class=\"elementor-widget-container\">\n\t\t\t\t\t\t\t\t\t<ul><li><span class=\"elementor-icon-list-text\">Chambre de 24m2<\/span><\/li><li><span class=\"elementor-icon-list-text\">1 lit double de 180x200cm ou 2 lits de 90x200cm<\/span><\/li><li><span class=\"elementor-icon-list-text\">Airco<\/span><\/li><li><span class=\"elementor-icon-list-text\">Salle de bain avec douche et WC<\/span><\/li><li><span class=\"elementor-icon-list-text\">Wifi gratuit<\/span><\/li><li><span class=\"elementor-icon-list-text\">TV connect\u00e9e<\/span><\/li><li><span class=\"elementor-icon-list-text\">Plateau de courtoisie avec th\u00e9 et caf\u00e9<\/span><\/li><li><span class=\"elementor-icon-list-text\">Mini bar avec bouteilles d&rsquo;eau offertes \u00e0 votre arriv\u00e9e<\/span><\/li><\/ul>\t\t\t\t\t\t\t\t<\/div>\n\t\t\t\t<\/div>\n\t\t\t\t\t<\/div>\n\t\t<\/div>\n\t\t\t\t<div class=\"elementor-column elementor-col-50 elementor-top-column elementor-element elementor-element-0608d04\" data-id=\"0608d04\" data-element_type=\"column\">\n\t\t\t<div class=\"elementor-widget-wrap elementor-element-populated\">\n\t\t\t\t\t\t<div class=\"elementor-element elementor-element-f74d40b elementor-widget elementor-widget-price-table\" data-id=\"f74d40b\" data-element_type=\"widget\" data-widget_type=\"price-table.default\">\n\t\t\t\t<div class=\"elementor-widget-container\">\n\t\t\t\t\t\n\t\t<div class=\"elementor-price-table\">\n\t\t\t\t\t\t\t<div class=\"elementor-price-table__header\">\n\t\t\t\t\t\n\t\t\t\t\t\t\t\t\t\t\t<span class=\"elementor-price-table__subheading\">\n\t\t\t\t\t\t\tBASSE SAISON\t\t\t\t\t\t<\/span>\n\t\t\t\t\t\t\t\t\t<\/div>\n\t\t\t\n\t\t\t<div class=\"elementor-price-table__price\">\n\t\t\t\t\t\t\t\t\t\t\t\t\t\t\t\t\t<span class=\"elementor-price-table__integer-part\">\n\t\t\t\t\t\t129\t\t\t\t\t<\/span>\n\t\t\t\t\n\t\t\t\t\n\t\t\t\t<span class=\"elementor-price-table__currency\">&#128;<\/span>\n\t\t\t\t\t\t\t\t\t<span class=\"elementor-price-table__period elementor-typo-excluded\">par nuit pour 1 \u00e0 2 personnes<br>petit-d\u00e9jeuner inclus<\/span>\t\t\t\t\t\t\t<\/div>\n\n\t\t\t\t\t\t\t<ul class=\"elementor-price-table__features-list\">\n\t\t\t\t\t\t\t\t\t\t\t<li class=\"elementor-repeater-item-1b56569\">\n\t\t\t\t\t\t\t<div class=\"elementor-price-table__feature-inner\">\n\t\t\t\t\t\t\t\t\t\t\t\t\t\t\t\t\t\t\t\t\t\t\t\t\t<span >\n\t\t\t\t\t\t\t\t\t\tdu 1er octobre au 30 avril\t\t\t\t\t\t\t\t\t<\/span>\n\t\t\t\t\t\t\t\t\t\t\t\t\t\t\t\t<\/div>\n\t\t\t\t\t\t<\/li>\n\t\t\t\t\t\t\t\t\t\t\t<li class=\"elementor-repeater-item-7d7d905\">\n\t\t\t\t\t\t\t<div class=\"elementor-price-table__feature-inner\">\n\t\t\t\t\t\t\t\t\t\t\t\t\t\t\t\t\t\t\t\t\t\t\t\t\t<span >\n\t\t\t\t\t\t\t\t\t\t(sauf vacances de P\u00e2ques)\t\t\t\t\t\t\t\t\t<\/span>\n\t\t\t\t\t\t\t\t\t\t\t\t\t\t\t\t<\/div>\n\t\t\t\t\t\t<\/li>\n\t\t\t\t\t\t\t\t\t<\/ul>\n\t\t\t\n\t\t\t\t\t<\/div>\n\n\t\t\t\t\t\t<\/div>\n\t\t\t\t<\/div>\n\t\t\t\t<div class=\"elementor-element elementor-element-e570264 elementor-widget elementor-widget-price-table\" data-id=\"e570264\" data-element_type=\"widget\" data-widget_type=\"price-table.default\">\n\t\t\t\t<div class=\"elementor-widget-container\">\n\t\t\t\t\t\n\t\t<div class=\"elementor-price-table\">\n\t\t\t\t\t\t\t<div class=\"elementor-price-table__header\">\n\t\t\t\t\t\n\t\t\t\t\t\t\t\t\t\t\t<span class=\"elementor-price-table__subheading\">\n\t\t\t\t\t\t\tHAUTE SAISON\t\t\t\t\t\t<\/span>\n\t\t\t\t\t\t\t\t\t<\/div>\n\t\t\t\n\t\t\t<div class=\"elementor-price-table__price\">\n\t\t\t\t\t\t\t\t\t\t\t\t\t\t\t\t\t<span class=\"elementor-price-table__integer-part\">\n\t\t\t\t\t\t179\t\t\t\t\t<\/span>\n\t\t\t\t\n\t\t\t\t\n\t\t\t\t<span class=\"elementor-price-table__currency\">&#128;<\/span>\n\t\t\t\t\t\t\t\t\t<span class=\"elementor-price-table__period elementor-typo-excluded\">par nuit pour 1 \u00e0 2 personnes<br>petit-d\u00e9jeuner inclus<\/span>\t\t\t\t\t\t\t<\/div>\n\n\t\t\t\t\t\t\t<ul class=\"elementor-price-table__features-list\">\n\t\t\t\t\t\t\t\t\t\t\t<li class=\"elementor-repeater-item-1b56569\">\n\t\t\t\t\t\t\t<div class=\"elementor-price-table__feature-inner\">\n\t\t\t\t\t\t\t\t\t\t\t\t\t\t\t\t\t\t\t\t\t\t\t\t\t<span >\n\t\t\t\t\t\t\t\t\t\tdu 1er mai au 30 septembre\t\t\t\t\t\t\t\t\t<\/span>\n\t\t\t\t\t\t\t\t\t\t\t\t\t\t\t\t<\/div>\n\t\t\t\t\t\t<\/li>\n\t\t\t\t\t\t\t\t\t\t\t<li class=\"elementor-repeater-item-7d7d905\">\n\t\t\t\t\t\t\t<div class=\"elementor-price-table__feature-inner\">\n\t\t\t\t\t\t\t\t\t\t\t\t\t\t\t\t\t\t\t\t\t\t\t\t\t<span >\n\t\t\t\t\t\t\t\t\t\t(et vacances de P\u00e2ques)\t\t\t\t\t\t\t\t\t<\/span>\n\t\t\t\t\t\t\t\t\t\t\t\t\t\t\t\t<\/div>\n\t\t\t\t\t\t<\/li>\n\t\t\t\t\t\t\t\t\t<\/ul>\n\t\t\t\n\t\t\t\t\t<\/div>\n\n\t\t\t\t\t\t<\/div>\n\t\t\t\t<\/div>\n\t\t\t\t\t<\/div>\n\t\t<\/div>\n\t\t\t\t\t<\/div>\n\t\t<\/section>\n\t\t\t\t<\/div>","protected":false},"excerpt":{"rendered":"<p>Les Chambres Chambre Amandier Chambre Amandier Chambre Amandier Chambre Amandier Chambre Figuier Chambre Figuier Chambre Figuier Previous image Next image Chambre Amandier Chambre de 24m2 1 lit double de 180x200cm Climatisation Salle de bain avec baignoire Toilettes s\u00e9par\u00e9es Wifi gratuit TV Plateau de courtoisie avec th\u00e9 et caf\u00e9 Mini bar avec bouteilles d&rsquo;eau offertes \u00e0 [&hellip;]<\/p>","protected":false},"author":1,"featured_media":0,"parent":0,"menu_order":0,"comment_status":"closed","ping_status":"closed","template":"","meta":{"inline_featured_image":false,"footnotes":""},"class_list":["post-939","page","type-page","status-publish","hentry"],"yoast_head":"<!-- This site is optimized with the Yoast SEO plugin v26.7 - https:\/\/yoast.com\/wordpress\/plugins\/seo\/ -->\n<title>Les Chambres - Mas des Marguerites<\/title>\n<meta name=\"robots\" content=\"index, follow, max-snippet:-1, max-image-preview:large, max-video-preview:-1\" \/>\n<link rel=\"canonical\" href=\"https:\/\/www.mas-des-marguerites.com\/nl\/les-chambres\/\" \/>\n<meta property=\"og:locale\" content=\"nl_NL\" \/>\n<meta property=\"og:type\" content=\"article\" \/>\n<meta property=\"og:title\" content=\"Les Chambres - Mas des Marguerites\" \/>\n<meta property=\"og:description\" content=\"Les Chambres Chambre Amandier Chambre Amandier Chambre Amandier Chambre Amandier Chambre Figuier Chambre Figuier Chambre Figuier Previous image Next image Chambre Amandier Chambre de 24m2 1 lit double de 180x200cm Climatisation Salle de bain avec baignoire Toilettes s\u00e9par\u00e9es Wifi gratuit TV Plateau de courtoisie avec th\u00e9 et caf\u00e9 Mini bar avec bouteilles d&rsquo;eau offertes \u00e0 [&hellip;]\" \/>\n<meta property=\"og:url\" content=\"https:\/\/www.mas-des-marguerites.com\/nl\/les-chambres\/\" \/>\n<meta property=\"og:site_name\" content=\"Mas des Marguerites\" \/>\n<meta property=\"article:modified_time\" content=\"2026-01-12T09:10:52+00:00\" \/>\n<meta property=\"og:image\" content=\"https:\/\/www.mas-des-marguerites.com\/wp-content\/uploads\/2024\/01\/DSC08140-scaled.jpg\" \/>\n<meta name=\"twitter:card\" content=\"summary_large_image\" \/>\n<meta name=\"twitter:label1\" content=\"Geschatte leestijd\" \/>\n\t<meta name=\"twitter:data1\" content=\"3 minuten\" \/>\n<script type=\"application\/ld+json\" class=\"yoast-schema-graph\">{\"@context\":\"https:\/\/schema.org\",\"@graph\":[{\"@type\":\"WebPage\",\"@id\":\"https:\/\/www.mas-des-marguerites.com\/les-chambres\/\",\"url\":\"https:\/\/www.mas-des-marguerites.com\/les-chambres\/\",\"name\":\"Les Chambres - Mas des Marguerites\",\"isPartOf\":{\"@id\":\"https:\/\/www.mas-des-marguerites.com\/#website\"},\"primaryImageOfPage\":{\"@id\":\"https:\/\/www.mas-des-marguerites.com\/les-chambres\/#primaryimage\"},\"image\":{\"@id\":\"https:\/\/www.mas-des-marguerites.com\/les-chambres\/#primaryimage\"},\"thumbnailUrl\":\"https:\/\/www.mas-des-marguerites.com\/wp-content\/uploads\/2024\/01\/DSC08140-scaled.jpg\",\"datePublished\":\"2024-01-29T11:17:27+00:00\",\"dateModified\":\"2026-01-12T09:10:52+00:00\",\"breadcrumb\":{\"@id\":\"https:\/\/www.mas-des-marguerites.com\/les-chambres\/#breadcrumb\"},\"inLanguage\":\"nl-NL\",\"potentialAction\":[{\"@type\":\"ReadAction\",\"target\":[\"https:\/\/www.mas-des-marguerites.com\/les-chambres\/\"]}]},{\"@type\":\"ImageObject\",\"inLanguage\":\"nl-NL\",\"@id\":\"https:\/\/www.mas-des-marguerites.com\/les-chambres\/#primaryimage\",\"url\":\"https:\/\/www.mas-des-marguerites.com\/wp-content\/uploads\/2024\/01\/DSC08140-scaled.jpg\",\"contentUrl\":\"https:\/\/www.mas-des-marguerites.com\/wp-content\/uploads\/2024\/01\/DSC08140-scaled.jpg\"},{\"@type\":\"BreadcrumbList\",\"@id\":\"https:\/\/www.mas-des-marguerites.com\/les-chambres\/#breadcrumb\",\"itemListElement\":[{\"@type\":\"ListItem\",\"position\":1,\"name\":\"Accueil\",\"item\":\"https:\/\/www.mas-des-marguerites.com\/\"},{\"@type\":\"ListItem\",\"position\":2,\"name\":\"Les Chambres\"}]},{\"@type\":\"WebSite\",\"@id\":\"https:\/\/www.mas-des-marguerites.com\/#website\",\"url\":\"https:\/\/www.mas-des-marguerites.com\/\",\"name\":\"Mas des Marguerites\",\"description\":\"Chambres d&#039;H\u00f4tes \u00e0 Maussane les Alpilles\",\"publisher\":{\"@id\":\"https:\/\/www.mas-des-marguerites.com\/#organization\"},\"potentialAction\":[{\"@type\":\"SearchAction\",\"target\":{\"@type\":\"EntryPoint\",\"urlTemplate\":\"https:\/\/www.mas-des-marguerites.com\/?s={search_term_string}\"},\"query-input\":{\"@type\":\"PropertyValueSpecification\",\"valueRequired\":true,\"valueName\":\"search_term_string\"}}],\"inLanguage\":\"nl-NL\"},{\"@type\":\"Organization\",\"@id\":\"https:\/\/www.mas-des-marguerites.com\/#organization\",\"name\":\"Mas des Marguerites\",\"url\":\"https:\/\/www.mas-des-marguerites.com\/\",\"logo\":{\"@type\":\"ImageObject\",\"inLanguage\":\"nl-NL\",\"@id\":\"https:\/\/www.mas-des-marguerites.com\/#\/schema\/logo\/image\/\",\"url\":\"https:\/\/www.mas-des-marguerites.com\/wp-content\/uploads\/2023\/04\/masdesmarguerites-logo.jpg\",\"contentUrl\":\"https:\/\/www.mas-des-marguerites.com\/wp-content\/uploads\/2023\/04\/masdesmarguerites-logo.jpg\",\"width\":1200,\"height\":1000,\"caption\":\"Mas des Marguerites\"},\"image\":{\"@id\":\"https:\/\/www.mas-des-marguerites.com\/#\/schema\/logo\/image\/\"}}]}<\/script>\n<!-- \/ Yoast SEO plugin. -->","yoast_head_json":{"title":"Les Chambres - Mas des Marguerites","robots":{"index":"index","follow":"follow","max-snippet":"max-snippet:-1","max-image-preview":"max-image-preview:large","max-video-preview":"max-video-preview:-1"},"canonical":"https:\/\/www.mas-des-marguerites.com\/nl\/les-chambres\/","og_locale":"nl_NL","og_type":"article","og_title":"Les Chambres - Mas des Marguerites","og_description":"Les Chambres Chambre Amandier Chambre Amandier Chambre Amandier Chambre Amandier Chambre Figuier Chambre Figuier Chambre Figuier Previous image Next image Chambre Amandier Chambre de 24m2 1 lit double de 180x200cm Climatisation Salle de bain avec baignoire Toilettes s\u00e9par\u00e9es Wifi gratuit TV Plateau de courtoisie avec th\u00e9 et caf\u00e9 Mini bar avec bouteilles d&rsquo;eau offertes \u00e0 [&hellip;]","og_url":"https:\/\/www.mas-des-marguerites.com\/nl\/les-chambres\/","og_site_name":"Mas des Marguerites","article_modified_time":"2026-01-12T09:10:52+00:00","og_image":[{"url":"https:\/\/www.mas-des-marguerites.com\/wp-content\/uploads\/2024\/01\/DSC08140-scaled.jpg","type":"","width":"","height":""}],"twitter_card":"summary_large_image","twitter_misc":{"Geschatte leestijd":"3 minuten"},"schema":{"@context":"https:\/\/schema.org","@graph":[{"@type":"WebPage","@id":"https:\/\/www.mas-des-marguerites.com\/les-chambres\/","url":"https:\/\/www.mas-des-marguerites.com\/les-chambres\/","name":"Les Chambres - Mas des Marguerites","isPartOf":{"@id":"https:\/\/www.mas-des-marguerites.com\/#website"},"primaryImageOfPage":{"@id":"https:\/\/www.mas-des-marguerites.com\/les-chambres\/#primaryimage"},"image":{"@id":"https:\/\/www.mas-des-marguerites.com\/les-chambres\/#primaryimage"},"thumbnailUrl":"https:\/\/www.mas-des-marguerites.com\/wp-content\/uploads\/2024\/01\/DSC08140-scaled.jpg","datePublished":"2024-01-29T11:17:27+00:00","dateModified":"2026-01-12T09:10:52+00:00","breadcrumb":{"@id":"https:\/\/www.mas-des-marguerites.com\/les-chambres\/#breadcrumb"},"inLanguage":"nl-NL","potentialAction":[{"@type":"ReadAction","target":["https:\/\/www.mas-des-marguerites.com\/les-chambres\/"]}]},{"@type":"ImageObject","inLanguage":"nl-NL","@id":"https:\/\/www.mas-des-marguerites.com\/les-chambres\/#primaryimage","url":"https:\/\/www.mas-des-marguerites.com\/wp-content\/uploads\/2024\/01\/DSC08140-scaled.jpg","contentUrl":"https:\/\/www.mas-des-marguerites.com\/wp-content\/uploads\/2024\/01\/DSC08140-scaled.jpg"},{"@type":"BreadcrumbList","@id":"https:\/\/www.mas-des-marguerites.com\/les-chambres\/#breadcrumb","itemListElement":[{"@type":"ListItem","position":1,"name":"Accueil","item":"https:\/\/www.mas-des-marguerites.com\/"},{"@type":"ListItem","position":2,"name":"Les Chambres"}]},{"@type":"WebSite","@id":"https:\/\/www.mas-des-marguerites.com\/#website","url":"https:\/\/www.mas-des-marguerites.com\/","name":"Mas des Marguerites","description":"Chambres d&#039;H\u00f4tes \u00e0 Maussane les Alpilles","publisher":{"@id":"https:\/\/www.mas-des-marguerites.com\/#organization"},"potentialAction":[{"@type":"SearchAction","target":{"@type":"EntryPoint","urlTemplate":"https:\/\/www.mas-des-marguerites.com\/?s={search_term_string}"},"query-input":{"@type":"PropertyValueSpecification","valueRequired":true,"valueName":"search_term_string"}}],"inLanguage":"nl-NL"},{"@type":"Organization","@id":"https:\/\/www.mas-des-marguerites.com\/#organization","name":"Mas des Marguerites","url":"https:\/\/www.mas-des-marguerites.com\/","logo":{"@type":"ImageObject","inLanguage":"nl-NL","@id":"https:\/\/www.mas-des-marguerites.com\/#\/schema\/logo\/image\/","url":"https:\/\/www.mas-des-marguerites.com\/wp-content\/uploads\/2023\/04\/masdesmarguerites-logo.jpg","contentUrl":"https:\/\/www.mas-des-marguerites.com\/wp-content\/uploads\/2023\/04\/masdesmarguerites-logo.jpg","width":1200,"height":1000,"caption":"Mas des Marguerites"},"image":{"@id":"https:\/\/www.mas-des-marguerites.com\/#\/schema\/logo\/image\/"}}]}},"_links":{"self":[{"href":"https:\/\/www.mas-des-marguerites.com\/nl\/wp-json\/wp\/v2\/pages\/939","targetHints":{"allow":["GET"]}}],"collection":[{"href":"https:\/\/www.mas-des-marguerites.com\/nl\/wp-json\/wp\/v2\/pages"}],"about":[{"href":"https:\/\/www.mas-des-marguerites.com\/nl\/wp-json\/wp\/v2\/types\/page"}],"author":[{"embeddable":true,"href":"https:\/\/www.mas-des-marguerites.com\/nl\/wp-json\/wp\/v2\/users\/1"}],"replies":[{"embeddable":true,"href":"https:\/\/www.mas-des-marguerites.com\/nl\/wp-json\/wp\/v2\/comments?post=939"}],"version-history":[{"count":38,"href":"https:\/\/www.mas-des-marguerites.com\/nl\/wp-json\/wp\/v2\/pages\/939\/revisions"}],"predecessor-version":[{"id":1144,"href":"https:\/\/www.mas-des-marguerites.com\/nl\/wp-json\/wp\/v2\/pages\/939\/revisions\/1144"}],"wp:attachment":[{"href":"https:\/\/www.mas-des-marguerites.com\/nl\/wp-json\/wp\/v2\/media?parent=939"}],"curies":[{"name":"wp","href":"https:\/\/api.w.org\/{rel}","templated":true}]}}